{"id":150,"date":"2020-05-29T09:20:35","date_gmt":"2020-05-29T14:20:35","guid":{"rendered":"http:\/\/www.ierincondelmar.edu.co\/website\/?page_id=150"},"modified":"2020-08-25T08:52:46","modified_gmt":"2020-08-25T13:52:46","slug":"grado-noveno-9","status":"publish","type":"page","link":"https:\/\/www.ierincondelmar.edu.co\/website\/?page_id=150","title":{"rendered":"Grado Noveno (9\u00b0)"},"content":{"rendered":"\n<p>Cartilla de Estudio, la estrategia para que los ni\u00f1os estudien en casa, durante la pandemia. Luego de que el Gobierno Nacional tom\u00f3 la decisi\u00f3n de suspender las clases presenciales desde el&nbsp;16 de marzo&nbsp;se hizo p\u00fablica la estrategia Cartilla de Estudio con actividades que permitir\u00e1n&nbsp;que los estudiantes puedan continuar con su aprendizaje pero desde su hogar, contin\u00faen con su formaci\u00f3n con el apoyo, el compromiso y la solidaridad de las familias lo cual es fundamental en este momento.<\/p>\n\n\n\n<p><strong>Para acceder a este material:<\/strong>&nbsp;A la cartilla de estudio&nbsp;haz clic en el bot\u00f3n que te corresponde y encontrar\u00e1s los recursos (archivos PDF) que el docente ha planteado<\/p>\n\n\n\n<h4 class=\"has-vivid-cyan-blue-color has-text-color wp-block-heading\">Cartilla de Estudio<\/h4>\n\n\n\n<figure class=\"wp-block-image size-large is-resized\"><a href=\"https:\/\/drive.google.com\/file\/d\/1aoiWis2ukuXMS6_s8NHlZQHdQDG36a8v\/view?usp=sharing\"><img loading=\"lazy\" decoding=\"async\" src=\"http:\/\/www.ierincondelmar.edu.co\/website\/wp-content\/uploads\/2020\/07\/pdf.jpg\" alt=\"\" class=\"wp-image-271\" width=\"108\" height=\"108\" srcset=\"https:\/\/www.ierincondelmar.edu.co\/website\/wp-content\/uploads\/2020\/07\/pdf.jpg 512w, https:\/\/www.ierincondelmar.edu.co\/website\/wp-content\/uploads\/2020\/07\/pdf-300x300.jpg 300w, https:\/\/www.ierincondelmar.edu.co\/website\/wp-content\/uploads\/2020\/07\/pdf-150x150.jpg 150w\" sizes=\"(max-width: 108px) 100vw, 108px\" \/><\/a><figcaption>Dar Clic Para Visualizar El Archivo<\/figcaption><\/figure>\n","protected":false},"excerpt":{"rendered":"<p>Cartilla de Estudio, la estrategia para que los ni\u00f1os estudien en casa, durante la pandemia. Luego de que el Gobierno Nacional tom\u00f3 la decisi\u00f3n de suspender las clases presenciales desde el&nbsp;16 de marzo&nbsp;se hizo p\u00fablica la estrategia Cartilla de Estudio con actividades que permitir\u00e1n&nbsp;que los estudiantes puedan continuar con su aprendizaje pero desde su hogar,<span class=\"post-excerpt-end\">&hellip;<\/span><\/p>\n<p class=\"more-link\"><a href=\"https:\/\/www.ierincondelmar.edu.co\/website\/?page_id=150\" class=\"themebutton\">Leer m\u00e1s<\/a><\/p>\n","protected":false},"author":1,"featured_media":0,"parent":0,"menu_order":0,"comment_status":"closed","ping_status":"closed","template":"","meta":{"footnotes":""},"class_list":["post-150","page","type-page","status-publish","hentry"],"_links":{"self":[{"href":"https:\/\/www.ierincondelmar.edu.co\/website\/index.php?rest_route=\/wp\/v2\/pages\/150"}],"collection":[{"href":"https:\/\/www.ierincondelmar.edu.co\/website\/index.php?rest_route=\/wp\/v2\/pages"}],"about":[{"href":"https:\/\/www.ierincondelmar.edu.co\/website\/index.php?rest_route=\/wp\/v2\/types\/page"}],"author":[{"embeddable":true,"href":"https:\/\/www.ierincondelmar.edu.co\/website\/index.php?rest_route=\/wp\/v2\/users\/1"}],"replies":[{"embeddable":true,"href":"https:\/\/www.ierincondelmar.edu.co\/website\/index.php?rest_route=%2Fwp%2Fv2%2Fcomments&post=150"}],"version-history":[{"count":10,"href":"https:\/\/www.ierincondelmar.edu.co\/website\/index.php?rest_route=\/wp\/v2\/pages\/150\/revisions"}],"predecessor-version":[{"id":317,"href":"https:\/\/www.ierincondelmar.edu.co\/website\/index.php?rest_route=\/wp\/v2\/pages\/150\/revisions\/317"}],"wp:attachment":[{"href":"https:\/\/www.ierincondelmar.edu.co\/website\/index.php?rest_route=%2Fwp%2Fv2%2Fmedia&parent=150"}],"curies":[{"name":"wp","href":"https:\/\/api.w.org\/{rel}","templated":true}]}}