{"id":183,"date":"2020-06-05T08:31:40","date_gmt":"2020-06-05T13:31:40","guid":{"rendered":"http:\/\/www.ierincondelmar.edu.co\/website\/?page_id=183"},"modified":"2020-06-12T10:28:26","modified_gmt":"2020-06-12T15:28:26","slug":"grado-decimo-10","status":"publish","type":"page","link":"https:\/\/www.ierincondelmar.edu.co\/website\/?page_id=183","title":{"rendered":"Grado D\u00e9cimo (10\u00b0)"},"content":{"rendered":"\n<h4 class=\"wp-block-heading\">Para acceder a este material Gu\u00edas, talleres y documentos,\u00a0haz clic en el link del documento (archivos PDF) que el docente ha planteado.<\/h4>\n\n\n\n<h3 class=\"has-vivid-cyan-blue-color has-text-color wp-block-heading\">Tecnolog\u00eda e Inform\u00e1tica<\/h3>\n\n\n\n<div class=\"wp-block-file\"><a href=\"https:\/\/www.ierincondelmar.edu.co\/website\/wp-content\/uploads\/2020\/06\/GUIA-DE-INFORMATICA-Y-TECNOLOGIA-GRADO-DECIMO.pdf\" target=\"_blank\" rel=\"noreferrer noopener\">GU\u00cdA-DE-INFORM\u00c1TICA-Y-TECNOL\u00d3GICA-GRADO-D\u00c9CIMO<\/a><a href=\"https:\/\/www.ierincondelmar.edu.co\/website\/wp-content\/uploads\/2020\/06\/GUIA-DE-INFORMATICA-Y-TECNOLOGIA-GRADO-DECIMO.pdf\" class=\"wp-block-file__button\" download>Descarga<\/a><\/div>\n\n\n\n<h3 class=\"has-vivid-cyan-blue-color has-text-color wp-block-heading\">Ingles o Lengua Extranjera<\/h3>\n\n\n\n<h3 class=\"has-vivid-cyan-blue-color has-text-color wp-block-heading\">F\u00edsica<\/h3>\n\n\n\n<div class=\"wp-block-file\"><a href=\"https:\/\/www.ierincondelmar.edu.co\/website\/wp-content\/uploads\/2020\/06\/TALLER-DECIMO-FISICA.pdf\" target=\"_blank\" rel=\"noreferrer noopener\">TALLER-DECIMO-FISICA<\/a><a href=\"https:\/\/www.ierincondelmar.edu.co\/website\/wp-content\/uploads\/2020\/06\/TALLER-DECIMO-FISICA.pdf\" class=\"wp-block-file__button\" download>Descarga<\/a><\/div>\n","protected":false},"excerpt":{"rendered":"<p>Para acceder a este material Gu\u00edas, talleres y documentos,\u00a0haz clic en el link del documento (archivos PDF) que el docente ha planteado. Tecnolog\u00eda e Inform\u00e1tica Ingles o Lengua Extranjera F\u00edsica<\/p>\n","protected":false},"author":1,"featured_media":0,"parent":0,"menu_order":0,"comment_status":"closed","ping_status":"closed","template":"","meta":{"footnotes":""},"class_list":["post-183","page","type-page","status-publish","hentry"],"_links":{"self":[{"href":"https:\/\/www.ierincondelmar.edu.co\/website\/index.php?rest_route=\/wp\/v2\/pages\/183"}],"collection":[{"href":"https:\/\/www.ierincondelmar.edu.co\/website\/index.php?rest_route=\/wp\/v2\/pages"}],"about":[{"href":"https:\/\/www.ierincondelmar.edu.co\/website\/index.php?rest_route=\/wp\/v2\/types\/page"}],"author":[{"embeddable":true,"href":"https:\/\/www.ierincondelmar.edu.co\/website\/index.php?rest_route=\/wp\/v2\/users\/1"}],"replies":[{"embeddable":true,"href":"https:\/\/www.ierincondelmar.edu.co\/website\/index.php?rest_route=%2Fwp%2Fv2%2Fcomments&post=183"}],"version-history":[{"count":12,"href":"https:\/\/www.ierincondelmar.edu.co\/website\/index.php?rest_route=\/wp\/v2\/pages\/183\/revisions"}],"predecessor-version":[{"id":251,"href":"https:\/\/www.ierincondelmar.edu.co\/website\/index.php?rest_route=\/wp\/v2\/pages\/183\/revisions\/251"}],"wp:attachment":[{"href":"https:\/\/www.ierincondelmar.edu.co\/website\/index.php?rest_route=%2Fwp%2Fv2%2Fmedia&parent=183"}],"curies":[{"name":"wp","href":"https:\/\/api.w.org\/{rel}","templated":true}]}}