{"id":2,"date":"2020-05-03T03:48:21","date_gmt":"2020-05-03T03:48:21","guid":{"rendered":"http:\/\/www.ierincondelmar.edu.co\/website\/?page_id=2"},"modified":"2021-03-20T14:00:42","modified_gmt":"2021-03-20T19:00:42","slug":"nuestra-institucion","status":"publish","type":"page","link":"https:\/\/www.ierincondelmar.edu.co\/website\/?page_id=2","title":{"rendered":"Identidad Institucional"},"content":{"rendered":"\n<h2 class=\"wp-block-heading\"><img loading=\"lazy\" decoding=\"async\" width=\"400\" height=\"300\" class=\"wp-image-44\" style=\"width: 400px;\" src=\"http:\/\/www.ierincondelmar.edu.co\/website\/wp-content\/uploads\/2020\/05\/img02.png\" alt=\"\" srcset=\"https:\/\/www.ierincondelmar.edu.co\/website\/wp-content\/uploads\/2020\/05\/img02.png 400w, https:\/\/www.ierincondelmar.edu.co\/website\/wp-content\/uploads\/2020\/05\/img02-300x225.png 300w\" sizes=\"(max-width: 400px) 100vw, 400px\" \/><\/h2>\n\n\n\n<h2 class=\"wp-block-heading\">VISI\u00d3N<\/h2>\n\n\n\n<p>Para el a\u00f1o 2020, la instituci\u00f3n Educativa El Rinc\u00f3n del Mar, contar\u00e1 con una planta f\u00edsica unificada que permita el desarrollo de una Educaci\u00f3n T\u00e9cnica con modalidad Eco tur\u00edstica Pesquera, integrando el conocimiento y el Sentido de Pertenencia por su entorno, convirti\u00e9ndose en ente transformador del medio y fortaleciendo su identidad cultural.<\/p>\n\n\n\n<h2 class=\"wp-block-heading\">MISI\u00d3N<\/h2>\n\n\n\n<p>La Instituci\u00f3n Educativa El Rinc\u00f3n del Mar, est\u00e1 encaminada a la formaci\u00f3n en valores de un estudiante critico, creativo, anal\u00edtico, reflexivo, propiciando en el crecimiento de su personalidad, identidad propia, el respeto por la naturaleza y la cultura enmarcado en el contexto afrodescendiente.<\/p>\n\n\n\n<h2 class=\"wp-block-heading\">FILOSOF\u00cdA<\/h2>\n\n\n\n<p>La Instituci\u00f3n Educativa El Rinc\u00f3n del Mar, fundamenta su filosof\u00eda en los fines y objetivos del sistema educativo colombiano y la Ley 70\/93, promoviendo un conjunto coherente de principios b\u00e1sicos que orientan el quehacer diario de la comunidad educativa con una formaci\u00f3n plena para ejercer la tolerancia, la solidaridad y el respeto por la naturaleza, la cultura y los valores en general.<\/p>\n\n\n\n<h2 class=\"wp-block-heading\">SIMBOLOS INSTITUCIONALES<\/h2>\n\n\n\n<p><img loading=\"lazy\" decoding=\"async\" width=\"240\" height=\"300\" class=\"wp-image-50\" style=\"width: 240px;\" src=\"http:\/\/www.ierincondelmar.edu.co\/website\/wp-content\/uploads\/2020\/05\/simbolos.jpg\" alt=\"\"><\/p>\n","protected":false},"excerpt":{"rendered":"<p>VISI\u00d3N Para el a\u00f1o 2020, la instituci\u00f3n Educativa El Rinc\u00f3n del Mar, contar\u00e1 con una planta f\u00edsica unificada que permita el desarrollo de una Educaci\u00f3n T\u00e9cnica con modalidad Eco tur\u00edstica Pesquera, integrando el conocimiento y el Sentido de Pertenencia por su entorno, convirti\u00e9ndose en ente transformador del medio y fortaleciendo su identidad cultural. MISI\u00d3N La<span class=\"post-excerpt-end\">&hellip;<\/span><\/p>\n<p class=\"more-link\"><a href=\"https:\/\/www.ierincondelmar.edu.co\/website\/?page_id=2\" class=\"themebutton\">Leer m\u00e1s<\/a><\/p>\n","protected":false},"author":1,"featured_media":0,"parent":0,"menu_order":0,"comment_status":"closed","ping_status":"closed","template":"","meta":{"footnotes":""},"class_list":["post-2","page","type-page","status-publish","hentry"],"_links":{"self":[{"href":"https:\/\/www.ierincondelmar.edu.co\/website\/index.php?rest_route=\/wp\/v2\/pages\/2"}],"collection":[{"href":"https:\/\/www.ierincondelmar.edu.co\/website\/index.php?rest_route=\/wp\/v2\/pages"}],"about":[{"href":"https:\/\/www.ierincondelmar.edu.co\/website\/index.php?rest_route=\/wp\/v2\/types\/page"}],"author":[{"embeddable":true,"href":"https:\/\/www.ierincondelmar.edu.co\/website\/index.php?rest_route=\/wp\/v2\/users\/1"}],"replies":[{"embeddable":true,"href":"https:\/\/www.ierincondelmar.edu.co\/website\/index.php?rest_route=%2Fwp%2Fv2%2Fcomments&post=2"}],"version-history":[{"count":6,"href":"https:\/\/www.ierincondelmar.edu.co\/website\/index.php?rest_route=\/wp\/v2\/pages\/2\/revisions"}],"predecessor-version":[{"id":365,"href":"https:\/\/www.ierincondelmar.edu.co\/website\/index.php?rest_route=\/wp\/v2\/pages\/2\/revisions\/365"}],"wp:attachment":[{"href":"https:\/\/www.ierincondelmar.edu.co\/website\/index.php?rest_route=%2Fwp%2Fv2%2Fmedia&parent=2"}],"curies":[{"name":"wp","href":"https:\/\/api.w.org\/{rel}","templated":true}]}}