{"id":225,"date":"2020-06-10T22:42:23","date_gmt":"2020-06-11T03:42:23","guid":{"rendered":"http:\/\/www.ierincondelmar.edu.co\/website\/?page_id=225"},"modified":"2020-08-17T13:26:36","modified_gmt":"2020-08-17T18:26:36","slug":"grado-primero-1","status":"publish","type":"page","link":"https:\/\/www.ierincondelmar.edu.co\/website\/?page_id=225","title":{"rendered":"Grado Primero (1\u00b0)"},"content":{"rendered":"\n<p><p align=\"justify\">Cartilla de Estudio, la estrategia para que los ni\u00f1os estudien en casa, durante la pandemia. Luego de que el Gobierno Nacional tom\u00f3 la decisi\u00f3n de suspender las clases presenciales desde el\u00a016 de marzo\u00a0se hizo p\u00fablica la estrategia Cartilla de Estudio con actividades que permitir\u00e1n\u00a0que los estudiantes puedan continuar con su aprendizaje pero desde su hogar, contin\u00faen con su formaci\u00f3n con el apoyo, el compromiso y la solidaridad de las familias lo cual es fundamental en este momento. <\/p>\n\n\n\n<p><strong><p align=\"justify\">Para acceder a este material:<\/strong>\u00a0A la cartilla de estudio\u00a0haz clic en el bot\u00f3n que te corresponde y encontrar\u00e1s los recursos (archivos PDF) que el docente ha planteado.<\/p>\n\n\n\n<h3 class=\"has-vivid-cyan-blue-color has-text-color wp-block-heading\">Cartilla de estudio <\/h3>\n\n\n\n<figure class=\"wp-block-image size-large is-resized\"><a href=\"https:\/\/drive.google.com\/file\/d\/1hFA-ClNdQsxN75gtE1k1xY8aaPgBPZJb\/view?usp=sharing\"><img loading=\"lazy\" decoding=\"async\" src=\"http:\/\/www.ierincondelmar.edu.co\/website\/wp-content\/uploads\/2020\/07\/pdf.jpg\" alt=\"\" class=\"wp-image-271\" width=\"86\" height=\"86\" srcset=\"https:\/\/www.ierincondelmar.edu.co\/website\/wp-content\/uploads\/2020\/07\/pdf.jpg 512w, https:\/\/www.ierincondelmar.edu.co\/website\/wp-content\/uploads\/2020\/07\/pdf-300x300.jpg 300w, https:\/\/www.ierincondelmar.edu.co\/website\/wp-content\/uploads\/2020\/07\/pdf-150x150.jpg 150w\" sizes=\"(max-width: 86px) 100vw, 86px\" \/><\/a><figcaption>Dar Clic para Visualizar El Archivo<br><\/figcaption><\/figure>\n\n\n\n<p><\/p>\n","protected":false},"excerpt":{"rendered":"<p>Cartilla de Estudio, la estrategia para que los ni\u00f1os estudien en casa, durante la pandemia. Luego de que el Gobierno Nacional tom\u00f3 la decisi\u00f3n de suspender las clases presenciales desde el\u00a016 de marzo\u00a0se hizo p\u00fablica la estrategia Cartilla de Estudio con actividades que permitir\u00e1n\u00a0que los estudiantes puedan continuar con su aprendizaje pero desde su hogar,<span class=\"post-excerpt-end\">&hellip;<\/span><\/p>\n<p class=\"more-link\"><a href=\"https:\/\/www.ierincondelmar.edu.co\/website\/?page_id=225\" class=\"themebutton\">Leer m\u00e1s<\/a><\/p>\n","protected":false},"author":1,"featured_media":0,"parent":0,"menu_order":0,"comment_status":"closed","ping_status":"closed","template":"","meta":{"footnotes":""},"class_list":["post-225","page","type-page","status-publish","hentry"],"_links":{"self":[{"href":"https:\/\/www.ierincondelmar.edu.co\/website\/index.php?rest_route=\/wp\/v2\/pages\/225"}],"collection":[{"href":"https:\/\/www.ierincondelmar.edu.co\/website\/index.php?rest_route=\/wp\/v2\/pages"}],"about":[{"href":"https:\/\/www.ierincondelmar.edu.co\/website\/index.php?rest_route=\/wp\/v2\/types\/page"}],"author":[{"embeddable":true,"href":"https:\/\/www.ierincondelmar.edu.co\/website\/index.php?rest_route=\/wp\/v2\/users\/1"}],"replies":[{"embeddable":true,"href":"https:\/\/www.ierincondelmar.edu.co\/website\/index.php?rest_route=%2Fwp%2Fv2%2Fcomments&post=225"}],"version-history":[{"count":11,"href":"https:\/\/www.ierincondelmar.edu.co\/website\/index.php?rest_route=\/wp\/v2\/pages\/225\/revisions"}],"predecessor-version":[{"id":306,"href":"https:\/\/www.ierincondelmar.edu.co\/website\/index.php?rest_route=\/wp\/v2\/pages\/225\/revisions\/306"}],"wp:attachment":[{"href":"https:\/\/www.ierincondelmar.edu.co\/website\/index.php?rest_route=%2Fwp%2Fv2%2Fmedia&parent=225"}],"curies":[{"name":"wp","href":"https:\/\/api.w.org\/{rel}","templated":true}]}}