{"id":354,"date":"2021-03-20T11:05:22","date_gmt":"2021-03-20T16:05:22","guid":{"rendered":"http:\/\/www.ierincondelmar.edu.co\/website\/?page_id=354"},"modified":"2021-09-20T14:25:15","modified_gmt":"2021-09-20T19:25:15","slug":"proyecto-educativo","status":"publish","type":"page","link":"https:\/\/www.ierincondelmar.edu.co\/website\/?page_id=354","title":{"rendered":"Proyecto educativo"},"content":{"rendered":"\n<p>Gesti\u00f3n del desarrollo sostenible a trav\u00e9s de la apropiaci\u00f3n social de conocimiento y pr\u00e1cticas de transformaci\u00f3n innovativa que fomenten una cultura de reconciliaci\u00f3n, convivencia y paz para el aprovechamiento de la vocaci\u00f3n agr\u00edcola y tur\u00edstica del municipio de San Onofre.<\/p>\n\n\n<a href=\"https:\/\/www.ierincondelmar.edu.co\/website\/wp-content\/uploads\/2021\/03\/PERFIL-PROYECTO-SAN-ONOFRE.pdf\" class=\"pdfemb-viewer\" style=\"\" data-width=\"max\" data-height=\"max\" data-toolbar=\"bottom\" data-toolbar-fixed=\"off\">PERFIL-PROYECTO-SAN-ONOFRE<\/a>\n<p class=\"wp-block-pdfemb-pdf-embedder-viewer\"><\/p>\n","protected":false},"excerpt":{"rendered":"<p>Gesti\u00f3n del desarrollo sostenible a trav\u00e9s de la apropiaci\u00f3n social de conocimiento y pr\u00e1cticas de transformaci\u00f3n innovativa que fomenten una cultura de reconciliaci\u00f3n, convivencia y paz para el aprovechamiento de la vocaci\u00f3n agr\u00edcola y tur\u00edstica del municipio de San Onofre.<\/p>\n","protected":false},"author":1,"featured_media":0,"parent":0,"menu_order":0,"comment_status":"closed","ping_status":"closed","template":"","meta":{"footnotes":""},"class_list":["post-354","page","type-page","status-publish","hentry"],"_links":{"self":[{"href":"https:\/\/www.ierincondelmar.edu.co\/website\/index.php?rest_route=\/wp\/v2\/pages\/354"}],"collection":[{"href":"https:\/\/www.ierincondelmar.edu.co\/website\/index.php?rest_route=\/wp\/v2\/pages"}],"about":[{"href":"https:\/\/www.ierincondelmar.edu.co\/website\/index.php?rest_route=\/wp\/v2\/types\/page"}],"author":[{"embeddable":true,"href":"https:\/\/www.ierincondelmar.edu.co\/website\/index.php?rest_route=\/wp\/v2\/users\/1"}],"replies":[{"embeddable":true,"href":"https:\/\/www.ierincondelmar.edu.co\/website\/index.php?rest_route=%2Fwp%2Fv2%2Fcomments&post=354"}],"version-history":[{"count":2,"href":"https:\/\/www.ierincondelmar.edu.co\/website\/index.php?rest_route=\/wp\/v2\/pages\/354\/revisions"}],"predecessor-version":[{"id":412,"href":"https:\/\/www.ierincondelmar.edu.co\/website\/index.php?rest_route=\/wp\/v2\/pages\/354\/revisions\/412"}],"wp:attachment":[{"href":"https:\/\/www.ierincondelmar.edu.co\/website\/index.php?rest_route=%2Fwp%2Fv2%2Fmedia&parent=354"}],"curies":[{"name":"wp","href":"https:\/\/api.w.org\/{rel}","templated":true}]}}