{"id":413,"date":"2021-09-20T16:25:47","date_gmt":"2021-09-20T21:25:47","guid":{"rendered":"http:\/\/www.ierincondelmar.edu.co\/website\/?page_id=413"},"modified":"2022-07-26T20:07:41","modified_gmt":"2022-07-27T01:07:41","slug":"proyectos-de-investigacion","status":"publish","type":"page","link":"https:\/\/www.ierincondelmar.edu.co\/website\/?page_id=413","title":{"rendered":"Proyectos de Investigaci\u00f3n"},"content":{"rendered":"<a href=\"https:\/\/www.ierincondelmar.edu.co\/website\/wp-content\/uploads\/2021\/09\/Bitacora-Etapa-1-a-6-Oniris-Diaz-I.E-Rincon-del-Mar.pdf\" class=\"pdfemb-viewer\" style=\"\" data-width=\"max\" data-height=\"max\" data-toolbar=\"bottom\" data-toolbar-fixed=\"off\">Bitacora-Etapa-1-a-6-Oniris-Diaz-I.E-Rincon-del-Mar<\/a>\n<p class=\"wp-block-pdfemb-pdf-embedder-viewer\"><\/p>\n\n\n<a href=\"https:\/\/www.ierincondelmar.edu.co\/website\/wp-content\/uploads\/2021\/09\/Bitacora-Etapa-1-a-6-Magidis-Diaz-I.E-Rincon-del-Mar.pdf\" class=\"pdfemb-viewer\" style=\"\" data-width=\"max\" data-height=\"max\" data-toolbar=\"bottom\" data-toolbar-fixed=\"off\">Bitacora-Etapa-1-a-6-Magidis-Diaz-I.E-Rincon-del-Mar<\/a>\n<p class=\"wp-block-pdfemb-pdf-embedder-viewer\"><\/p>\n\n\n<a href=\"https:\/\/www.ierincondelmar.edu.co\/website\/wp-content\/uploads\/2021\/09\/Bitacora-Etapas-1-a-6-Delcy-Lares-I.E-Rincon-del-Mar.pdf\" class=\"pdfemb-viewer\" style=\"\" data-width=\"max\" data-height=\"max\" data-toolbar=\"bottom\" data-toolbar-fixed=\"off\">Bitacora-Etapas-1-a-6-Delcy-Lares-I.E-Rincon-del-Mar<\/a>\n<p class=\"wp-block-pdfemb-pdf-embedder-viewer\"><\/p>\n\n\n<a href=\"https:\/\/www.ierincondelmar.edu.co\/website\/wp-content\/uploads\/2021\/09\/Bitacora-Etapas-1-a-6-Never-Sanchez-I.E-Rincon-del-Mar.pdf\" class=\"pdfemb-viewer\" style=\"\" data-width=\"max\" data-height=\"max\" data-toolbar=\"bottom\" data-toolbar-fixed=\"off\">Bitacora-Etapas-1-a-6-Never-Sanchez-I.E-Rincon-del-Mar<\/a>\n<p class=\"wp-block-pdfemb-pdf-embedder-viewer\"><\/p>\n\n\n\n<hr class=\"wp-block-separator\"\/>\n\n\n\n<h2 class=\"wp-block-heading\">Bit\u00e1cora Etapa 1-2-3 -4 y 5 &#8211; Magidis Diaz &#8211; I.E Rinc\u00f3n del Mar<\/h2>\n\n\n<a href=\"https:\/\/www.ierincondelmar.edu.co\/website\/wp-content\/uploads\/2022\/07\/Bitacora-Etapa-1-2-3-4-y-5-Magidis-Diaz-I.E-Rincon-del-Mar.pdf\" class=\"pdfemb-viewer\" style=\"\" data-width=\"max\" data-height=\"max\" data-toolbar=\"bottom\" data-toolbar-fixed=\"off\">Bitacora-Etapa-1-2-3-4-y-5-Magidis-Diaz-I.E-Rincon-del-Mar<\/a>\n<p class=\"wp-block-pdfemb-pdf-embedder-viewer\"><\/p>\n\n\n\n<h2 class=\"wp-block-heading\">Bit\u00e1cora Etapa 1-2-3 -4 y 5 &#8211; Delcy Lares Ramos &#8211; I.E Rinc\u00f3n del Mar<\/h2>\n\n\n<a href=\"https:\/\/www.ierincondelmar.edu.co\/website\/wp-content\/uploads\/2022\/07\/Bitacora-Etapa-1-2-3-4-y-5-Delcy-Lares-Ramos-I.E-Rincon-del-Mar.pdf\" class=\"pdfemb-viewer\" style=\"\" data-width=\"max\" data-height=\"max\" data-toolbar=\"bottom\" data-toolbar-fixed=\"off\">Bitacora-Etapa-1-2-3-4-y-5-Delcy-Lares-Ramos-I.E-Rincon-del-Mar<\/a>\n<p class=\"wp-block-pdfemb-pdf-embedder-viewer\"><\/p>\n\n\n\n<h2 class=\"wp-block-heading\">Bit\u00e1cora Etapa 1-2-3 -4 y 5 &#8211; Oniris D\u00edaz Contreras &#8211; I.E Rinc\u00f3n del Mar<\/h2>\n\n\n<a href=\"https:\/\/www.ierincondelmar.edu.co\/website\/wp-content\/uploads\/2022\/07\/Bitacora-Etapa-1-2-3-4-y-5-Oniris-Diaz-Contreras-I.E-Rincon-del-Mar.pdf\" class=\"pdfemb-viewer\" style=\"\" data-width=\"max\" data-height=\"max\" data-toolbar=\"bottom\" data-toolbar-fixed=\"off\">Bitacora-Etapa-1-2-3-4-y-5-Oniris-Diaz-Contreras-I.E-Rincon-del-Mar<\/a>\n<p class=\"wp-block-pdfemb-pdf-embedder-viewer\"><\/p>\n\n\n\n<h2 class=\"wp-block-heading\">Bit\u00e1cora Etapa 1-2-3 &#8211; 4 y 5 &#8211; Never S\u00e1nchez &#8211; I.E Rinc\u00f3n del Mar<\/h2>\n\n\n<a href=\"https:\/\/www.ierincondelmar.edu.co\/website\/wp-content\/uploads\/2022\/07\/Bitacora-Etapa-1-2-3-4-y-5-Never-Sanchez-I.E-Rincon-del-Mar.pdf\" class=\"pdfemb-viewer\" style=\"\" data-width=\"max\" data-height=\"max\" data-toolbar=\"bottom\" data-toolbar-fixed=\"off\">Bitacora-Etapa-1-2-3-4-y-5-Never-Sanchez-I.E-Rincon-del-Mar<\/a>\n<p class=\"wp-block-pdfemb-pdf-embedder-viewer\"><\/p>\n","protected":false},"excerpt":{"rendered":"<p>Bit\u00e1cora Etapa 1-2-3 -4 y 5 &#8211; Magidis Diaz &#8211; I.E Rinc\u00f3n del Mar Bit\u00e1cora Etapa 1-2-3 -4 y 5 &#8211; Delcy Lares Ramos &#8211; I.E Rinc\u00f3n del Mar Bit\u00e1cora Etapa 1-2-3 -4 y 5 &#8211; Oniris D\u00edaz Contreras &#8211; I.E Rinc\u00f3n del Mar Bit\u00e1cora Etapa 1-2-3 &#8211; 4 y 5 &#8211; Never S\u00e1nchez &#8211;<span class=\"post-excerpt-end\">&hellip;<\/span><\/p>\n<p class=\"more-link\"><a href=\"https:\/\/www.ierincondelmar.edu.co\/website\/?page_id=413\" class=\"themebutton\">Leer m\u00e1s<\/a><\/p>\n","protected":false},"author":1,"featured_media":0,"parent":0,"menu_order":0,"comment_status":"closed","ping_status":"closed","template":"","meta":{"footnotes":""},"class_list":["post-413","page","type-page","status-publish","hentry"],"_links":{"self":[{"href":"https:\/\/www.ierincondelmar.edu.co\/website\/index.php?rest_route=\/wp\/v2\/pages\/413"}],"collection":[{"href":"https:\/\/www.ierincondelmar.edu.co\/website\/index.php?rest_route=\/wp\/v2\/pages"}],"about":[{"href":"https:\/\/www.ierincondelmar.edu.co\/website\/index.php?rest_route=\/wp\/v2\/types\/page"}],"author":[{"embeddable":true,"href":"https:\/\/www.ierincondelmar.edu.co\/website\/index.php?rest_route=\/wp\/v2\/users\/1"}],"replies":[{"embeddable":true,"href":"https:\/\/www.ierincondelmar.edu.co\/website\/index.php?rest_route=%2Fwp%2Fv2%2Fcomments&post=413"}],"version-history":[{"count":9,"href":"https:\/\/www.ierincondelmar.edu.co\/website\/index.php?rest_route=\/wp\/v2\/pages\/413\/revisions"}],"predecessor-version":[{"id":557,"href":"https:\/\/www.ierincondelmar.edu.co\/website\/index.php?rest_route=\/wp\/v2\/pages\/413\/revisions\/557"}],"wp:attachment":[{"href":"https:\/\/www.ierincondelmar.edu.co\/website\/index.php?rest_route=%2Fwp%2Fv2%2Fmedia&parent=413"}],"curies":[{"name":"wp","href":"https:\/\/api.w.org\/{rel}","templated":true}]}}