{"id":57,"date":"2020-05-03T16:06:51","date_gmt":"2020-05-03T21:06:51","guid":{"rendered":"http:\/\/www.ierincondelmar.edu.co\/website\/?page_id=57"},"modified":"2021-03-20T14:02:01","modified_gmt":"2021-03-20T19:02:01","slug":"pei","status":"publish","type":"page","link":"https:\/\/www.ierincondelmar.edu.co\/website\/?page_id=57","title":{"rendered":"Proyecto Educativo Institucional (P.E.I)"},"content":{"rendered":"\n<p>El PEI es un plan o herramienta que nos permite la b\u00fasqueda permanente de la superaci\u00f3n y formaci\u00f3n del individuo as\u00ed como la comunidad educativa, con el se planea de forma cautelosa y concertada todos las actividades y ajustes a realizar durante el a\u00f1o lectivo, identificando las debilidades y fortalezas que se presenten durante este lapso y la aplicaci\u00f3n los correctivos necesarios para superar las debilidades y seguir enriqueciendo el proceso ense\u00f1anza-aprendizaje y as\u00ed lograr una mejor eficiencia y organizaci\u00f3n en la instituci\u00f3n, lo cual nos facilita alcanzar los objetivos y metas propuestas.<\/p>\n\n\n\n<p>La sociedad cambia y evoluciona constantemente y la instituci\u00f3n por ser un ser viviente eficaz y portador de su propio mensaje debe adaptarse a su \u00e9poca, por tal raz\u00f3n es necesario que adecu\u00e9 y armonice sus aportes pedag\u00f3gicos a las demandas y exigencias del momento.<\/p>\n\n\n\n<h2 class=\"wp-block-heading\">OBJETIVOS DEL PEI<\/h2>\n\n\n\n<h3 class=\"wp-block-heading\">General<\/h3>\n\n\n\n<p>Propiciar espacios pedag\u00f3gicos acordes para que la comunidad educativa sus experiencias, capacidades y habilidades en la consolidaci\u00f3n de una instituci\u00f3n educativa que garantice el bienestar de sus integrantes, a partir de la participaci\u00f3n, la calidad de vida, la sana convivencia, la permanencia y la promoci\u00f3n de competencias para la sostenibilidad de los procesos.<\/p>\n\n\n\n<h3 class=\"wp-block-heading\">Espec\u00edficos<\/h3>\n\n\n\n<ul class=\"wp-block-list\"><li>Satisfacer las necesidades del estudiante en su formaci\u00f3n intelectual, moral, social, religiosa, volitiva y \u00e9tica para contribuir al desarrollo y consolidaci\u00f3n de su personalidad.<\/li><li>Fomentar en el alumno la responsabilidad, el respeto, el sentido de pertenencia y el constante deseo de superaci\u00f3n.<\/li><li>Dar a conocer y ense\u00f1ar a valorar los s\u00edmbolos patrios mediante la familiarizaci\u00f3n en homenajes y otros eventos culturales que se realicen dentro y fuera de la instituci\u00f3n.<\/li><li>Creaci\u00f3n de condiciones para un ambiente sano que posibilite la salud mental y f\u00edsica de la comunidad educativa aportando una educaci\u00f3n con calidad.<\/li><li>Preparar al individuo para las exigencias de una sociedad en constante evoluci\u00f3n como resultados de las transformaciones de orden cultural, cient\u00edfico y laboral.<\/li><li>Adecuar los est\u00e1ndares curriculares de todos los grados a las necesidades del medio socio cultural cuando se considere necesario, desarrollando actividades y estrategias pedag\u00f3gicas tanto dentro como fuera del aula de clases.<\/li><\/ul>\n\n\n\n<div class=\"wp-block-file\"><a href=\"https:\/\/www.ierincondelmar.edu.co\/website\/wp-content\/uploads\/2020\/05\/pei_ie_rincondelmar.pdf\" target=\"_blank\" rel=\"noreferrer noopener\">Nuestro PEI <\/a><a href=\"https:\/\/www.ierincondelmar.edu.co\/website\/wp-content\/uploads\/2020\/05\/pei_ie_rincondelmar.pdf\" class=\"wp-block-file__button\" download>Descarga aqu\u00ed<\/a><\/div>\n\n\n\n<p><\/p>\n","protected":false},"excerpt":{"rendered":"<p>El PEI es un plan o herramienta que nos permite la b\u00fasqueda permanente de la superaci\u00f3n y formaci\u00f3n del individuo as\u00ed como la comunidad educativa, con el se planea de forma cautelosa y concertada todos las actividades y ajustes a realizar durante el a\u00f1o lectivo, identificando las debilidades y fortalezas que se presenten durante este<span class=\"post-excerpt-end\">&hellip;<\/span><\/p>\n<p class=\"more-link\"><a href=\"https:\/\/www.ierincondelmar.edu.co\/website\/?page_id=57\" class=\"themebutton\">Leer m\u00e1s<\/a><\/p>\n","protected":false},"author":1,"featured_media":0,"parent":0,"menu_order":0,"comment_status":"closed","ping_status":"closed","template":"","meta":{"footnotes":""},"class_list":["post-57","page","type-page","status-publish","hentry"],"_links":{"self":[{"href":"https:\/\/www.ierincondelmar.edu.co\/website\/index.php?rest_route=\/wp\/v2\/pages\/57"}],"collection":[{"href":"https:\/\/www.ierincondelmar.edu.co\/website\/index.php?rest_route=\/wp\/v2\/pages"}],"about":[{"href":"https:\/\/www.ierincondelmar.edu.co\/website\/index.php?rest_route=\/wp\/v2\/types\/page"}],"author":[{"embeddable":true,"href":"https:\/\/www.ierincondelmar.edu.co\/website\/index.php?rest_route=\/wp\/v2\/users\/1"}],"replies":[{"embeddable":true,"href":"https:\/\/www.ierincondelmar.edu.co\/website\/index.php?rest_route=%2Fwp%2Fv2%2Fcomments&post=57"}],"version-history":[{"count":11,"href":"https:\/\/www.ierincondelmar.edu.co\/website\/index.php?rest_route=\/wp\/v2\/pages\/57\/revisions"}],"predecessor-version":[{"id":366,"href":"https:\/\/www.ierincondelmar.edu.co\/website\/index.php?rest_route=\/wp\/v2\/pages\/57\/revisions\/366"}],"wp:attachment":[{"href":"https:\/\/www.ierincondelmar.edu.co\/website\/index.php?rest_route=%2Fwp%2Fv2%2Fmedia&parent=57"}],"curies":[{"name":"wp","href":"https:\/\/api.w.org\/{rel}","templated":true}]}}